{"id":1779,"date":"2018-07-03T13:46:11","date_gmt":"2018-07-03T13:46:11","guid":{"rendered":"http:\/\/daliatravel.ba\/?page_id=1779"},"modified":"2020-01-06T14:30:18","modified_gmt":"2020-01-06T14:30:18","slug":"jednodnevni-izleti","status":"publish","type":"page","link":"https:\/\/daliatravel.ba\/bs\/jednodnevni-izleti\/","title":{"rendered":"Jednodnevni izleti"},"content":{"rendered":"<p>[vc_row bg_type=&#8221;image&#8221; parallax_style=&#8221;vcpb-default&#8221; bg_image_new=&#8221;id^1780|url^http:\/\/daliatravel.ba\/wp-content\/uploads\/2018\/07\/4-dalia-ponuda.jpg|caption^null|alt^null|title^4-dalia-ponuda|description^null&#8221; bg_image_repeat=&#8221;no-repeat&#8221; bg_img_attach=&#8221;fixed&#8221; bg_override=&#8221;ex-full&#8221; enable_overlay=&#8221;enable_overlay_value&#8221; overlay_color=&#8221;rgba(0,0,0,0.6)&#8221; type=&#8221;vc_default&#8221; css=&#8221;.vc_custom_1530625459345{padding-top: 6% !important;padding-bottom: 6% !important;}&#8221;][vc_column css=&#8221;.vc_custom_1492694838569{padding-top: 6% !important;padding-bottom: 6% !important;}&#8221; offset=&#8221;vc_col-lg-offset-2 vc_col-lg-8 vc_col-md-offset-1 vc_col-md-10 vc_col-sm-offset-0&#8221;]<div id=\"ultimate-heading-175869ecfcf75ea8b\" class=\"uvc-heading ult-adjust-bottom-margin ultimate-heading-175869ecfcf75ea8b uvc-1033  accent-subtitle-color\" data-hspacer=\"no_spacer\"  data-halign=\"center\" style=\"text-align:center\"><div class=\"uvc-heading-spacer no_spacer\" style=\"top\"><\/div><div class=\"uvc-main-heading ult-responsive\"  data-ultimate-target='.uvc-heading.ultimate-heading-175869ecfcf75ea8b h2'  data-responsive-json-new='{\"font-size\":\"desktop:70px;tablet:50px;tablet_portrait:40px;mobile_landscape:28px;\",\"line-height\":\"desktop:80px;tablet:60px;tablet_portrait:50px;mobile_landscape:38px;\"}' ><h2 style=\"font-weight:bold;color:#ffffff;margin-bottom:30px;\">Jednodnevni izleti<\/h2><\/div><div class=\"uvc-sub-heading ult-responsive\"  data-ultimate-target='.uvc-heading.ultimate-heading-175869ecfcf75ea8b .uvc-sub-heading '  data-responsive-json-new='{\"font-size\":\"desktop:28px;mobile_landscape:18px;\",\"line-height\":\"desktop:38px;mobile_landscape:28px;\"}'  style=\"font-family:&#039;Roboto Slab&#039;;font-weight:700;\">Iskoristite izuzetno povoljne ponude na\u0161ih jednodnevnih izleta i budite dio na\u0161e pri\u010de !\u00a0 Jednodnevni izleti by Dalia Travel<\/div><\/div>[\/vc_column][\/vc_row][vc_row][vc_column]<style type=\"text\/css\" data-type=\"the7_shortcodes-inline-css\">.blog-shortcode.blog-masonry-shortcode-id-f70e490193b7fdaaab0d04ac600d56f3.dividers-on.classic-layout-list article {\n  margin-top: ;\n  padding-top: 0;\n  border-color: ;\n}\n.blog-shortcode.blog-masonry-shortcode-id-f70e490193b7fdaaab0d04ac600d56f3.dividers-on.classic-layout-list article:first-of-type {\n  margin-top: 0;\n  padding-top: 0;\n}\n.blog-shortcode.blog-masonry-shortcode-id-f70e490193b7fdaaab0d04ac600d56f3.classic-layout-list.mode-list .post-thumbnail-wrap {\n  width: ;\n}\n.blog-shortcode.blog-masonry-shortcode-id-f70e490193b7fdaaab0d04ac600d56f3.classic-layout-list.mode-list .post-entry-content {\n  width: calc(100% - );\n}\n.blog-shortcode.blog-masonry-shortcode-id-f70e490193b7fdaaab0d04ac600d56f3.classic-layout-list.mode-list .no-img .post-entry-content {\n  width: 100%;\n}\n.blog-shortcode.blog-masonry-shortcode-id-f70e490193b7fdaaab0d04ac600d56f3 .filter-bg-decoration .filter-categories a.act {\n  color: #fff;\n}\n.blog-shortcode.blog-masonry-shortcode-id-f70e490193b7fdaaab0d04ac600d56f3:not(.mode-masonry) article {\n  margin-top: ;\n}\n.blog-shortcode.blog-masonry-shortcode-id-f70e490193b7fdaaab0d04ac600d56f3:not(.mode-masonry) article:first-of-type,\n.blog-shortcode.blog-masonry-shortcode-id-f70e490193b7fdaaab0d04ac600d56f3:not(.mode-masonry) article.visible.first:not(.product) {\n  margin-top: 0;\n}\n.blog-shortcode.blog-masonry-shortcode-id-f70e490193b7fdaaab0d04ac600d56f3.dividers-on:not(.mode-masonry) article {\n  margin-top: 0;\n  padding-top: ;\n}\n.blog-shortcode.blog-masonry-shortcode-id-f70e490193b7fdaaab0d04ac600d56f3.dividers-on:not(.mode-masonry) article:first-of-type,\n.blog-shortcode.blog-masonry-shortcode-id-f70e490193b7fdaaab0d04ac600d56f3.dividers-on:not(.mode-masonry) article.visible.first:not(.product) {\n  margin-top: 0;\n  padding-top: 0;\n}\n.blog-shortcode.blog-masonry-shortcode-id-f70e490193b7fdaaab0d04ac600d56f3 .post-thumbnail-wrap {\n  padding: 0px 0px 0px 0px;\n}\n.blog-shortcode.blog-masonry-shortcode-id-f70e490193b7fdaaab0d04ac600d56f3.enable-bg-rollover .post-thumbnail-rollover:after {\n  background: ;\n  background: -webkit-linear-gradient();\n  background: linear-gradient();\n}\n.blog-shortcode.blog-masonry-shortcode-id-f70e490193b7fdaaab0d04ac600d56f3 .gallery-zoom-ico {\n  width: 44px;\n  height: 44px;\n  line-height: 44px;\n  border-radius: 100px;\n  margin: -22px 0 0 -22px;\n  border-width: 0px;\n  color: #ffffff;\n}\n.bottom-overlap-layout-list.blog-shortcode.blog-masonry-shortcode-id-f70e490193b7fdaaab0d04ac600d56f3 .gallery-zoom-ico {\n  margin-top: -72px;\n}\n.gradient-overlay-layout-list.blog-shortcode.blog-masonry-shortcode-id-f70e490193b7fdaaab0d04ac600d56f3 .gallery-zoom-ico,\n.content-rollover-layout-list.blog-shortcode.blog-masonry-shortcode-id-f70e490193b7fdaaab0d04ac600d56f3 .gallery-zoom-ico {\n  margin: 0 0 10px;\n}\n.content-align-center.gradient-overlay-layout-list.blog-shortcode.blog-masonry-shortcode-id-f70e490193b7fdaaab0d04ac600d56f3 .gallery-zoom-ico,\n.content-align-center.content-rollover-layout-list.blog-shortcode.blog-masonry-shortcode-id-f70e490193b7fdaaab0d04ac600d56f3 .gallery-zoom-ico {\n  margin: 0 auto 10px;\n}\n.dt-icon-bg-on.blog-shortcode.blog-masonry-shortcode-id-f70e490193b7fdaaab0d04ac600d56f3 .gallery-zoom-ico {\n  background: rgba(255,255,255,0.3);\n  -webkit-box-shadow: none;\n  box-shadow: none;\n}\n.blog-shortcode.blog-masonry-shortcode-id-f70e490193b7fdaaab0d04ac600d56f3 .gallery-zoom-ico > span,\n.blog-shortcode.blog-masonry-shortcode-id-f70e490193b7fdaaab0d04ac600d56f3 .gallery-zoom-ico:before {\n  font-size: 32px;\n  line-height: 44px;\n}\n.blog-shortcode.blog-masonry-shortcode-id-f70e490193b7fdaaab0d04ac600d56f3 .gallery-zoom-ico > span,\n.blog-shortcode.blog-masonry-shortcode-id-f70e490193b7fdaaab0d04ac600d56f3 .gallery-zoom-ico:before {\n  color: #ffffff;\n}\n.blog-shortcode.blog-masonry-shortcode-id-f70e490193b7fdaaab0d04ac600d56f3 .entry-title,\n.blog-shortcode.blog-masonry-shortcode-id-f70e490193b7fdaaab0d04ac600d56f3.owl-carousel .entry-title {\n  margin-bottom: 5px;\n  font-size: 18px;\n  line-height: 28px;\n  font-weight: bold;\n}\n.blog-shortcode.blog-masonry-shortcode-id-f70e490193b7fdaaab0d04ac600d56f3 .entry-title a,\n.blog-shortcode.blog-masonry-shortcode-id-f70e490193b7fdaaab0d04ac600d56f3.owl-carousel .entry-title a {\n  color: #0f3e7b;\n}\n.blog-shortcode.blog-masonry-shortcode-id-f70e490193b7fdaaab0d04ac600d56f3 .entry-meta {\n  margin-bottom: 15px;\n}\n.blog-shortcode.blog-masonry-shortcode-id-f70e490193b7fdaaab0d04ac600d56f3 .portfolio-categories {\n  margin-bottom: 15px;\n}\n.blog-shortcode.blog-masonry-shortcode-id-f70e490193b7fdaaab0d04ac600d56f3 .entry-excerpt {\n  margin-bottom: 5px;\n}\n.blog-shortcode.blog-masonry-shortcode-id-f70e490193b7fdaaab0d04ac600d56f3:not(.centered-layout-list) .post-entry-content {\n  padding: 25px 30px 30px 30px;\n}\n.blog-shortcode.blog-masonry-shortcode-id-f70e490193b7fdaaab0d04ac600d56f3:not(.centered-layout-list):not(.content-bg-on):not(.mode-list) .no-img .post-entry-content {\n  padding: 0;\n}\n.blog-shortcode.blog-masonry-shortcode-id-f70e490193b7fdaaab0d04ac600d56f3 .post-details.details-type-link,\n.blog-shortcode.blog-masonry-shortcode-id-f70e490193b7fdaaab0d04ac600d56f3 .post-details.details-type-link * {\n  color: #0f3e7b;\n}\n@media screen and (max-width: ) {\n  .blog-shortcode.blog-masonry-shortcode-id-f70e490193b7fdaaab0d04ac600d56f3 article {\n    -webkit-flex-flow: column nowrap;\n    -moz-flex-flow: column nowrap;\n    -ms-flex-flow: column nowrap;\n    flex-flow: column nowrap;\n    margin-top: 20px;\n  }\n  .blog-shortcode.blog-masonry-shortcode-id-f70e490193b7fdaaab0d04ac600d56f3.dividers-on article {\n    border: none;\n  }\n  .blog-shortcode.blog-masonry-shortcode-id-f70e490193b7fdaaab0d04ac600d56f3.content-bg-on.centered-layout-list article {\n    padding: 0;\n  }\n  .blog-shortcode.blog-masonry-shortcode-id-f70e490193b7fdaaab0d04ac600d56f3.blog-shortcode.dividers-on article,\n  .blog-shortcode.blog-masonry-shortcode-id-f70e490193b7fdaaab0d04ac600d56f3.dividers-on.classic-layout-list article {\n    margin-top: 20px;\n    padding: 0;\n  }\n  .blog-shortcode.blog-masonry-shortcode-id-f70e490193b7fdaaab0d04ac600d56f3.blog-shortcode.dividers-on article:first-of-type,\n  .blog-shortcode.blog-masonry-shortcode-id-f70e490193b7fdaaab0d04ac600d56f3.dividers-on.classic-layout-list article:first-of-type {\n    padding: 0;\n  }\n  #page .blog-shortcode.blog-masonry-shortcode-id-f70e490193b7fdaaab0d04ac600d56f3 .post-thumbnail-wrap,\n  #page .blog-shortcode.blog-masonry-shortcode-id-f70e490193b7fdaaab0d04ac600d56f3 .post-entry-content {\n    width: 100%;\n    margin: 0;\n    top: 0;\n  }\n  #page .blog-shortcode.blog-masonry-shortcode-id-f70e490193b7fdaaab0d04ac600d56f3 .post-thumbnail-wrap {\n    padding: 0;\n  }\n  #page .blog-shortcode.blog-masonry-shortcode-id-f70e490193b7fdaaab0d04ac600d56f3 .post-entry-content:after {\n    display: none;\n  }\n  #page .blog-shortcode.blog-masonry-shortcode-id-f70e490193b7fdaaab0d04ac600d56f3 .project-even .post-thumbnail-wrap,\n  #page .blog-shortcode.blog-masonry-shortcode-id-f70e490193b7fdaaab0d04ac600d56f3.centered-layout-list .post-thumbnail-wrap {\n    -webkit-order: 0;\n    -moz-order: 0;\n    -ms-flex-order: 0;\n    order: 0;\n  }\n  #page .blog-shortcode.blog-masonry-shortcode-id-f70e490193b7fdaaab0d04ac600d56f3.centered-layout-list .post-entry-title-content {\n    -webkit-order: 1;\n    -moz-order: 1;\n    -ms-flex-order: 1;\n    order: 1;\n    width: 100%;\n    padding: 20px 20px 0;\n  }\n  #page .blog-shortcode.blog-masonry-shortcode-id-f70e490193b7fdaaab0d04ac600d56f3.centered-layout-list .post-entry-content {\n    -webkit-order: 2;\n    -moz-order: 2;\n    -ms-flex-order: 2;\n    order: 2;\n    padding-top: 0;\n  }\n  #page .blog-shortcode.blog-masonry-shortcode-id-f70e490193b7fdaaab0d04ac600d56f3 .fancy-categories {\n    top: 10px;\n    left: 10px;\n    bottom: auto;\n    right: auto;\n  }\n  #page .blog-shortcode.blog-masonry-shortcode-id-f70e490193b7fdaaab0d04ac600d56f3 .fancy-date a {\n    top: 10px;\n    right: 10px;\n    left: auto;\n    bottom: auto;\n  }\n  #page .blog-shortcode.blog-masonry-shortcode-id-f70e490193b7fdaaab0d04ac600d56f3 .post-entry-content {\n    padding: 20px;\n  }\n  #page .blog-shortcode.blog-masonry-shortcode-id-f70e490193b7fdaaab0d04ac600d56f3 .entry-title {\n    margin: 3px 0 5px;\n    font-size: 20px;\n    font-size: 18px;\n    line-height: 26px;\n  }\n  #page .blog-shortcode.blog-masonry-shortcode-id-f70e490193b7fdaaab0d04ac600d56f3 .entry-meta {\n    margin: 5px 0 5px;\n  }\n  #page .blog-shortcode.blog-masonry-shortcode-id-f70e490193b7fdaaab0d04ac600d56f3 .entry-excerpt {\n    margin: 15px 0 0;\n  }\n  #page .blog-shortcode.blog-masonry-shortcode-id-f70e490193b7fdaaab0d04ac600d56f3 .post-details {\n    margin: 5px 0 10px;\n  }\n  #page .blog-shortcode.blog-masonry-shortcode-id-f70e490193b7fdaaab0d04ac600d56f3 .post-details.details-type-link {\n    margin-bottom: 2px;\n  }\n}\n.blog-shortcode.blog-masonry-shortcode-id-f70e490193b7fdaaab0d04ac600d56f3:not(.resize-by-browser-width) .dt-css-grid {\n  grid-row-gap: 30px;\n  grid-column-gap: 30px;\n  grid-template-columns: repeat(auto-fill,minmax(,1fr));\n}\n.blog-shortcode.blog-masonry-shortcode-id-f70e490193b7fdaaab0d04ac600d56f3:not(.resize-by-browser-width) .dt-css-grid .double-width {\n  grid-column: span 2;\n}\n.cssgridlegacy.no-cssgrid .blog-shortcode.blog-masonry-shortcode-id-f70e490193b7fdaaab0d04ac600d56f3:not(.resize-by-browser-width) .dt-css-grid,\n.no-cssgridlegacy.no-cssgrid .blog-shortcode.blog-masonry-shortcode-id-f70e490193b7fdaaab0d04ac600d56f3:not(.resize-by-browser-width) .dt-css-grid {\n  display: flex;\n  flex-flow: row wrap;\n  margin: -15px;\n}\n.cssgridlegacy.no-cssgrid .blog-shortcode.blog-masonry-shortcode-id-f70e490193b7fdaaab0d04ac600d56f3:not(.resize-by-browser-width) .dt-css-grid .wf-cell,\n.no-cssgridlegacy.no-cssgrid .blog-shortcode.blog-masonry-shortcode-id-f70e490193b7fdaaab0d04ac600d56f3:not(.resize-by-browser-width) .dt-css-grid .wf-cell {\n  flex: 1 0 ;\n  min-width: ;\n  max-width: 100%;\n  padding: 15px;\n  box-sizing: border-box;\n}\n.blog-shortcode.blog-masonry-shortcode-id-f70e490193b7fdaaab0d04ac600d56f3.resize-by-browser-width .dt-css-grid {\n  grid-template-columns: repeat(4,1fr);\n  grid-template-rows: auto;\n  grid-column-gap: 30px;\n  grid-row-gap: 30px;\n}\n.blog-shortcode.blog-masonry-shortcode-id-f70e490193b7fdaaab0d04ac600d56f3.resize-by-browser-width .dt-css-grid .double-width {\n  grid-column: span 2;\n}\n.cssgridlegacy.no-cssgrid .blog-shortcode.blog-masonry-shortcode-id-f70e490193b7fdaaab0d04ac600d56f3.resize-by-browser-width .dt-css-grid {\n  margin: -15px;\n}\n.cssgridlegacy.no-cssgrid .blog-shortcode.blog-masonry-shortcode-id-f70e490193b7fdaaab0d04ac600d56f3.resize-by-browser-width .dt-css-grid .wf-cell {\n  width: 25%;\n  padding: 15px;\n}\n.cssgridlegacy.no-cssgrid .blog-shortcode.blog-masonry-shortcode-id-f70e490193b7fdaaab0d04ac600d56f3.resize-by-browser-width .dt-css-grid .wf-cell.double-width {\n  width: calc(25%) * 2;\n}\n.blog-shortcode.blog-masonry-shortcode-id-f70e490193b7fdaaab0d04ac600d56f3.resize-by-browser-width:not(.centered-layout-list):not(.content-bg-on) .dt-css-grid {\n  grid-row-gap: 0px;\n}\n@media screen and (max-width: 1199px) {\n  .blog-shortcode.blog-masonry-shortcode-id-f70e490193b7fdaaab0d04ac600d56f3.resize-by-browser-width .dt-css-grid {\n    grid-template-columns: repeat(3,1fr);\n  }\n  .cssgridlegacy.no-cssgrid .blog-shortcode.blog-masonry-shortcode-id-f70e490193b7fdaaab0d04ac600d56f3.resize-by-browser-width .dt-css-grid .wf-cell,\n  .no-cssgridlegacy.no-cssgrid .blog-shortcode.blog-masonry-shortcode-id-f70e490193b7fdaaab0d04ac600d56f3.resize-by-browser-width .dt-css-grid .wf-cell {\n    width: 33.333333333333%;\n  }\n  .cssgridlegacy.no-cssgrid .blog-shortcode.blog-masonry-shortcode-id-f70e490193b7fdaaab0d04ac600d56f3.resize-by-browser-width .dt-css-grid .wf-cell.double-width,\n  .no-cssgridlegacy.no-cssgrid .blog-shortcode.blog-masonry-shortcode-id-f70e490193b7fdaaab0d04ac600d56f3.resize-by-browser-width .dt-css-grid .wf-cell.double-width {\n    width: calc(33.333333333333%)*2;\n  }\n}\n@media screen and (max-width: 991px) {\n  .blog-shortcode.blog-masonry-shortcode-id-f70e490193b7fdaaab0d04ac600d56f3.resize-by-browser-width .dt-css-grid {\n    grid-template-columns: repeat(2,1fr);\n  }\n  .cssgridlegacy.no-cssgrid .blog-shortcode.blog-masonry-shortcode-id-f70e490193b7fdaaab0d04ac600d56f3.resize-by-browser-width .dt-css-grid .wf-cell,\n  .no-cssgridlegacy.no-cssgrid .blog-shortcode.blog-masonry-shortcode-id-f70e490193b7fdaaab0d04ac600d56f3.resize-by-browser-width .dt-css-grid .wf-cell {\n    width: 50%;\n  }\n  .cssgridlegacy.no-cssgrid .blog-shortcode.blog-masonry-shortcode-id-f70e490193b7fdaaab0d04ac600d56f3.resize-by-browser-width .dt-css-grid .wf-cell.double-width,\n  .no-cssgridlegacy.no-cssgrid .blog-shortcode.blog-masonry-shortcode-id-f70e490193b7fdaaab0d04ac600d56f3.resize-by-browser-width .dt-css-grid .wf-cell.double-width {\n    width: calc(50%)*2;\n  }\n}\n@media screen and (max-width: 767px) {\n  .blog-shortcode.blog-masonry-shortcode-id-f70e490193b7fdaaab0d04ac600d56f3.resize-by-browser-width .dt-css-grid {\n    grid-template-columns: repeat(1,1fr);\n  }\n  .cssgridlegacy.no-cssgrid .blog-shortcode.blog-masonry-shortcode-id-f70e490193b7fdaaab0d04ac600d56f3.resize-by-browser-width .dt-css-grid .wf-cell,\n  .no-cssgridlegacy.no-cssgrid .blog-shortcode.blog-masonry-shortcode-id-f70e490193b7fdaaab0d04ac600d56f3.resize-by-browser-width .dt-css-grid .wf-cell {\n    width: 100%;\n  }\n  .cssgridlegacy.no-cssgrid .blog-shortcode.blog-masonry-shortcode-id-f70e490193b7fdaaab0d04ac600d56f3.resize-by-browser-width .dt-css-grid .wf-cell.double-width,\n  .no-cssgridlegacy.no-cssgrid .blog-shortcode.blog-masonry-shortcode-id-f70e490193b7fdaaab0d04ac600d56f3.resize-by-browser-width .dt-css-grid .wf-cell.double-width {\n    width: calc(100%)*2;\n  }\n}\n<\/style><div class=\"blog-shortcode blog-masonry-shortcode-id-f70e490193b7fdaaab0d04ac600d56f3 mode-grid classic-layout-list content-bg-on jquery-filter scale-img meta-info-off dt-css-grid-wrap enable-bg-rollover dt-icon-bg-off resize-by-browser-width loading-effect-none description-under-image \" data-padding=\"15px\" data-cur-page=\"1\" data-post-limit=\"-1\" data-pagination-mode=\"none\" data-desktop-columns-num=\"4\" data-v-tablet-columns-num=\"2\" data-h-tablet-columns-num=\"3\" data-phone-columns-num=\"1\" data-width=\"0px\" data-columns=\"0\"><div class=\"dt-css-grid\" ><div class=\"visible wf-cell\" data-post-id=\"17365\" data-date=\"2026-04-22T11:34:39+00:00\" data-name=\"KOR\u010cULA + VELA LUKA \ud83d\ude8c IZ MOSTARA I \u010cAPLJINE \u2013 CIJENA: OD 65 KM \u2013 TERMIN: 17.05.2026. \/ NEDJELJA\"><article class=\"post project-odd visible post-17365 type-post status-publish format-standard has-post-thumbnail hentry category-first-last-minute category-44 description-off\" data-name=\"KOR\u010cULA + VELA LUKA \ud83d\ude8c IZ MOSTARA I \u010cAPLJINE \u2013 CIJENA: OD 65 KM \u2013 TERMIN: 17.05.2026. \/ NEDJELJA\" data-date=\"2026-04-22T11:34:39+00:00\">\n\n<div class=\"post-thumbnail-wrap\">\n\t<div class=\"post-thumbnail\">\n\t\t\n\t\t\n\t\t<a href=\"https:\/\/daliatravel.ba\/bs\/korcula-vela-luka\/\" class=\"post-thumbnail-rollover layzr-bg layzr-bg\" ><img loading=\"lazy\" decoding=\"async\" class=\"iso-lazy-load preload-me iso-lazy-load\" src=\"data:image\/svg+xml,%3Csvg%20xmlns%3D&#39;http%3A%2F%2Fwww.w3.org%2F2000%2Fsvg&#39;%20viewBox%3D&#39;0%200%20708%20472&#39;%2F%3E\" data-src=\"https:\/\/daliatravel.ba\/wp-content\/uploads\/2026\/04\/VELA-LUKA-WALLPAPER-708x472.jpg\" data-srcset=\"https:\/\/daliatravel.ba\/wp-content\/uploads\/2026\/04\/VELA-LUKA-WALLPAPER-708x472.jpg 708w, https:\/\/daliatravel.ba\/wp-content\/uploads\/2026\/04\/VELA-LUKA-WALLPAPER-1062x708.jpg 1062w\" alt=\"\" title=\"VELA LUKA WALLPAPER\" width=\"708\" height=\"472\"  \/><\/a>\t<\/div>\n<\/div>\n\n\n<div class=\"post-entry-content\">\n\n\t<h3 class=\"entry-title\">\n\t\t<a href=\"https:\/\/daliatravel.ba\/bs\/korcula-vela-luka\/\" title=\"KOR\u010cULA + VELA LUKA \ud83d\ude8c IZ MOSTARA I \u010cAPLJINE \u2013 CIJENA: OD 65 KM \u2013 TERMIN: 17.05.2026. \/ NEDJELJA\" rel=\"bookmark\">KOR\u010cULA + VELA LUKA \ud83d\ude8c IZ MOSTARA I \u010cAPLJINE \u2013 CIJENA: OD 65 KM \u2013 TERMIN: 17.05.2026. \/ NEDJELJA<\/a>\n\t<\/h3>\n\n\t\n\t\n\t<a href=\"https:\/\/daliatravel.ba\/bs\/korcula-vela-luka\/\" class=\"dt-btn-s dt-btn post-details details-type-btn\" rel=\"nofollow\">Detaljnije...<i class=\"fa fa-caret-right\" aria-hidden=\"true\"><\/i><\/a>\n<\/div><\/article><\/div><div class=\"visible wf-cell\" data-post-id=\"17361\" data-date=\"2026-04-22T11:28:05+00:00\" data-name=\"JANJSKA \u010cAROLIJA \ud83d\ude8c IZ MOSTARA I \u010cAPLJINE \u2013 CIJENA: 60 KM \u2013 TERMIN: 10.05.2026. \/ NEDJELJA\"><article class=\"post project-odd visible post-17361 type-post status-publish format-standard has-post-thumbnail hentry category-first-last-minute category-44 description-off\" data-name=\"JANJSKA \u010cAROLIJA \ud83d\ude8c IZ MOSTARA I \u010cAPLJINE \u2013 CIJENA: 60 KM \u2013 TERMIN: 10.05.2026. \/ NEDJELJA\" data-date=\"2026-04-22T11:28:05+00:00\">\n\n<div class=\"post-thumbnail-wrap\">\n\t<div class=\"post-thumbnail\">\n\t\t\n\t\t\n\t\t<a href=\"https:\/\/daliatravel.ba\/bs\/janjska-carolija\/\" class=\"post-thumbnail-rollover layzr-bg layzr-bg\" ><img loading=\"lazy\" decoding=\"async\" class=\"iso-lazy-load preload-me iso-lazy-load\" src=\"data:image\/svg+xml,%3Csvg%20xmlns%3D&#39;http%3A%2F%2Fwww.w3.org%2F2000%2Fsvg&#39;%20viewBox%3D&#39;0%200%20708%20472&#39;%2F%3E\" data-src=\"https:\/\/daliatravel.ba\/wp-content\/uploads\/2025\/08\/JAJCE-2025-708x472.jpg\" data-srcset=\"https:\/\/daliatravel.ba\/wp-content\/uploads\/2025\/08\/JAJCE-2025-708x472.jpg 708w, https:\/\/daliatravel.ba\/wp-content\/uploads\/2025\/08\/JAJCE-2025-1062x708.jpg 1062w\" alt=\"\" title=\"JAJCE 2025\" width=\"708\" height=\"472\"  \/><\/a>\t<\/div>\n<\/div>\n\n\n<div class=\"post-entry-content\">\n\n\t<h3 class=\"entry-title\">\n\t\t<a href=\"https:\/\/daliatravel.ba\/bs\/janjska-carolija\/\" title=\"JANJSKA \u010cAROLIJA \ud83d\ude8c IZ MOSTARA I \u010cAPLJINE \u2013 CIJENA: 60 KM \u2013 TERMIN: 10.05.2026. \/ NEDJELJA\" rel=\"bookmark\">JANJSKA \u010cAROLIJA \ud83d\ude8c IZ MOSTARA I \u010cAPLJINE \u2013 CIJENA: 60 KM \u2013 TERMIN: 10.05.2026. \/ NEDJELJA<\/a>\n\t<\/h3>\n\n\t\n\t\n\t<a href=\"https:\/\/daliatravel.ba\/bs\/janjska-carolija\/\" class=\"dt-btn-s dt-btn post-details details-type-btn\" rel=\"nofollow\">Detaljnije...<i class=\"fa fa-caret-right\" aria-hidden=\"true\"><\/i><\/a>\n<\/div><\/article><\/div><div class=\"visible wf-cell\" data-post-id=\"17201\" data-date=\"2026-03-31T11:04:05+00:00\" data-name=\"OSTROG \ud83d\ude8c IZ MOSTARA I \u010cAPLJINE \u2013 CIJENA: 60 KM (TAKSA UKLJU\u010cENA) \u2013 TERMIN: 26.04.2026. \/ NEDJELJA\"><article class=\"post project-odd visible post-17201 type-post status-publish format-standard has-post-thumbnail hentry category-first-last-minute category-44 description-off\" data-name=\"OSTROG \ud83d\ude8c IZ MOSTARA I \u010cAPLJINE \u2013 CIJENA: 60 KM (TAKSA UKLJU\u010cENA) \u2013 TERMIN: 26.04.2026. \/ NEDJELJA\" data-date=\"2026-03-31T11:04:05+00:00\">\n\n<div class=\"post-thumbnail-wrap\">\n\t<div class=\"post-thumbnail\">\n\t\t\n\t\t\n\t\t<a href=\"https:\/\/daliatravel.ba\/bs\/ostrog\/\" class=\"post-thumbnail-rollover layzr-bg layzr-bg\" ><img loading=\"lazy\" decoding=\"async\" class=\"iso-lazy-load preload-me iso-lazy-load\" src=\"data:image\/svg+xml,%3Csvg%20xmlns%3D&#39;http%3A%2F%2Fwww.w3.org%2F2000%2Fsvg&#39;%20viewBox%3D&#39;0%200%20708%20472&#39;%2F%3E\" data-src=\"https:\/\/daliatravel.ba\/wp-content\/uploads\/2023\/07\/OSTROG-708x472.jpg\" data-srcset=\"https:\/\/daliatravel.ba\/wp-content\/uploads\/2023\/07\/OSTROG-708x472.jpg 708w, https:\/\/daliatravel.ba\/wp-content\/uploads\/2023\/07\/OSTROG-1062x708.jpg 1062w\" alt=\"\" title=\"OSTROG\" width=\"708\" height=\"472\"  \/><\/a>\t<\/div>\n<\/div>\n\n\n<div class=\"post-entry-content\">\n\n\t<h3 class=\"entry-title\">\n\t\t<a href=\"https:\/\/daliatravel.ba\/bs\/ostrog\/\" title=\"OSTROG \ud83d\ude8c IZ MOSTARA I \u010cAPLJINE \u2013 CIJENA: 60 KM (TAKSA UKLJU\u010cENA) \u2013 TERMIN: 26.04.2026. \/ NEDJELJA\" rel=\"bookmark\">OSTROG \ud83d\ude8c IZ MOSTARA I \u010cAPLJINE \u2013 CIJENA: 60 KM (TAKSA UKLJU\u010cENA) \u2013 TERMIN: 26.04.2026. \/ NEDJELJA<\/a>\n\t<\/h3>\n\n\t\n\t\n\t<a href=\"https:\/\/daliatravel.ba\/bs\/ostrog\/\" class=\"dt-btn-s dt-btn post-details details-type-btn\" rel=\"nofollow\">Detaljnije...<i class=\"fa fa-caret-right\" aria-hidden=\"true\"><\/i><\/a>\n<\/div><\/article><\/div><\/div><!-- iso-container|iso-grid --><\/div>[\/vc_column][\/vc_row]<\/p>\n","protected":false},"excerpt":{"rendered":"<p>[vc_row bg_type=&#8221;image&#8221; parallax_style=&#8221;vcpb-default&#8221; bg_image_new=&#8221;id^1780|url^http:\/\/daliatravel.ba\/wp-content\/uploads\/2018\/07\/4-dalia-ponuda.jpg|caption^null|alt^null|title^4-dalia-ponuda|description^null&#8221; bg_image_repeat=&#8221;no-repeat&#8221; bg_img_attach=&#8221;fixed&#8221; bg_override=&#8221;ex-full&#8221; enable_overlay=&#8221;enable_overlay_value&#8221; overlay_color=&#8221;rgba(0,0,0,0.6)&#8221; type=&#8221;vc_default&#8221; css=&#8221;.vc_custom_1530625459345{padding-top: 6% !important;padding-bottom: 6% !important;}&#8221;][vc_column css=&#8221;.vc_custom_1492694838569{padding-top: 6% !important;padding-bottom: 6% !important;}&#8221; offset=&#8221;vc_col-lg-offset-2 vc_col-lg-8 vc_col-md-offset-1 vc_col-md-10 vc_col-sm-offset-0&#8221;][\/vc_column][\/vc_row][vc_row][vc_column][\/vc_column][\/vc_row]<\/p>\n","protected":false},"author":1,"featured_media":0,"parent":0,"menu_order":0,"comment_status":"closed","ping_status":"closed","template":"","meta":[],"class_list":["post-1779","page","type-page","status-publish","hentry","description-off"],"_links":{"self":[{"href":"https:\/\/daliatravel.ba\/bs\/wp-json\/wp\/v2\/pages\/1779"}],"collection":[{"href":"https:\/\/daliatravel.ba\/bs\/wp-json\/wp\/v2\/pages"}],"about":[{"href":"https:\/\/daliatravel.ba\/bs\/wp-json\/wp\/v2\/types\/page"}],"author":[{"embeddable":true,"href":"https:\/\/daliatravel.ba\/bs\/wp-json\/wp\/v2\/users\/1"}],"replies":[{"embeddable":true,"href":"https:\/\/daliatravel.ba\/bs\/wp-json\/wp\/v2\/comments?post=1779"}],"version-history":[{"count":7,"href":"https:\/\/daliatravel.ba\/bs\/wp-json\/wp\/v2\/pages\/1779\/revisions"}],"predecessor-version":[{"id":5659,"href":"https:\/\/daliatravel.ba\/bs\/wp-json\/wp\/v2\/pages\/1779\/revisions\/5659"}],"wp:attachment":[{"href":"https:\/\/daliatravel.ba\/bs\/wp-json\/wp\/v2\/media?parent=1779"}],"curies":[{"name":"wp","href":"https:\/\/api.w.org\/{rel}","templated":true}]}}